{"id":70829,"date":"2022-04-26T16:53:07","date_gmt":"2022-04-26T14:53:07","guid":{"rendered":"https:\/\/das-festspielhaus.de\/?page_id=70829"},"modified":"2024-02-27T22:16:24","modified_gmt":"2024-02-27T21:16:24","slug":"gastronomie","status":"publish","type":"page","link":"https:\/\/das-festspielhaus.de\/en\/gastronomie\/","title":{"rendered":"Gastronomie"},"content":{"rendered":"\n\t\t<section id=\"intro-block_f0a2ac6d31dbb3bb4fe5c1a1b470750f\" class=\" intro small-height-mobile \" style=\"  \">\n\t\t\t<div class=\"owl-carousel\">\n\n\t\t\t\t\n\t\t\t\t\t\t\t\t<span class=\"bg-img intro-item-image\" role=\"img\" aria-label=\"\" style=\"background-image: url(https:\/\/das-festspielhaus.de\/wp-content\/uploads\/images\/Festspielhaus-00003-Mathias-Struck-1920x1080-1.jpg); display: block;\" data-desktop-image=\"https:\/\/das-festspielhaus.de\/wp-content\/uploads\/images\/Festspielhaus-00003-Mathias-Struck-1920x1080-1.jpg\" data-tablet-image=\"https:\/\/das-festspielhaus.de\/wp-content\/uploads\/images\/Festspielhaus-00003-Mathias-Struck-1920x1080-1-1024x576.jpg\" data-mobile-image=\"https:\/\/das-festspielhaus.de\/wp-content\/uploads\/images\/Festspielhaus-00003-Mathias-Struck-1920x1080-1-1024x576.jpg\">\n\n\t\t\t\t\t\t\t\t\t\t\t\t\t\t\t\t\t\t\t<div class=\"intro-item intro--img \">\n\t\t\t\t\t\t\t\t\t\n\t\t\t\t\t\t\t\t\t\t\n\t\t\t\t\t\t\t\t\t\t<div class=\"intro-content is-middle\"><h2>Gastronomy<\/h2>\n<h1>\u00a0Enjoyment at an amazing place in the Allg\u00e4u<\/h1>\n<\/div><!-- \/.intro-content -->\n\t\t\t\t\t\t\t\t\t\t\t\t\t\t\t\t\t\t\t<\/div>\n\t\t\t\t\t\t\t\t\t\t<!-- \/.intro-item.bg-img -->\n\t\t\t\t\t\t\t\t\t\n\t\t\t\t\t\t\t\t<\/span>\n\n\t\t\t\t\t\t\t\n\t\t\t\t\t\n\t\t\t\t\n\t\t\t<\/div>\n\t\t\t<!-- \/.owl-carousel -->\n\t\t<\/section>\n\t\t<!--  .intro -->\n\n\t\n\n\n\t\t<section id=\"content-block_44e7b3b54146c2b6d3ccc567d236ffae\" class=\"content \" style=\"  \">\n\t\t\t<div class=\"container\">\n\t\t\t\t<div class=\"flex-row\">\n\n\t\t\t\t\t\n\t\t\t\t\t\t<div class=\"col-12 \">\n\n\t\t\t\t\t\t\t<h2 style=\"text-align: center;\">Culinary delight at the FESTSPIELHAUS<\/h2>\n<h3 style=\"text-align: center;\">From a glass of sparkling wine with the view over Lake Forggensee\u00a0 to a small snack before going to the musical<br \/>\nor an exclusive 3-course set menu.<\/h3>\n<p>&nbsp;<\/p>\n<p>Dear guests,<\/p>\n<p>we are looking forward to your visit in our gastronomy!<\/p>\n<p>We offer different locations for your different desires.<\/p>\n<p>Best regards,<br \/>\nYour kitchen crew<\/p>\n<p>&nbsp;<\/p>\n\t\t\t\t\t\t<\/div>\n\t\t\t\t\t\t<!--  .col-12 -->\n\n\t\t\t\t\t\n\t\t\t\t<\/div>\n\t\t\t\t<!--  .flex-row -->\n\t\t\t<\/div> <!--  .container -->\n\t\t<\/section>\n\t\t<!--  .content -->\n\n\t\n\n\n\t<section id=\"program-highlights-block_8400d7d44b17ca55adbdc82a77a76190\" class=\"program-highlights dark \" style=\"background-color: #FFFFFF;   \">\n\t\t<div class=\"container\">\n\t\t\t\n\t\t\t<h2>Geldermann locations<\/h2>\n\t\t\t<div class=\"flex-row\">\n\n\t\t\t\t\n\t\t\t\t\t\t<div class=\"col-4@sm col-6@lg is-big\">\n\t\t\t\t\t\t\t<div class=\"program-highlights-item\">\n\t\t\t\t\t\t\t\t<a href=\"\/en\/gastronomie\/geldermann-lounge-terrasse\/\" target=\"_self\" class=\"img-wrapper bg-img\" data-bg-img-mobile=\"https:\/\/das-festspielhaus.de\/wp-content\/uploads\/images\/geldermannLounge_banner.png\" data-bg-img-desktop=\"https:\/\/das-festspielhaus.de\/wp-content\/uploads\/images\/geldermannLounge_banner.png\"><\/a>\n\t\t\t\t\t\t\t\t<!-- \/.img-wrapper bg-img -->\n\t\t\t\t\t\t\t\t<div class=\"program-highlights-item-content\" >\n\t\t\t\t\t\t\t\t\t<div>\n\t\t\t\t\t\t\t\t\t\t<h2><a href=\"\/en\/gastronomie\/geldermann-lounge-terrasse\/\"  target=\"_self\">GELDERMANN <br \/>\r\nLOUNGE &#038; TERRACE<\/a><\/h2>\n\t\t\t\t\t\t\t\t\t<\/div>\n\t\t\t\t\t\t\t\t<\/div>\n\t\t\t\t\t\t\t\t<!-- \/.program-highlights-item-content -->\n\t\t\t\t\t\t\t<\/div>\n\t\t\t\t\t\t\t<!-- \/.program-highlights-item -->\n\t\t\t\t\t\t<\/div>\n\t\t\t\t\t\t<!-- \/.col-4@sm col-6@lg is-big -->\n\n\t\t\t\t\t\n\t\t\t\t\t\t<div class=\"col-4@sm col-6@lg is-big\">\n\t\t\t\t\t\t\t<div class=\"program-highlights-item\">\n\t\t\t\t\t\t\t\t<a href=\"\/en\/gastronomie\/geldermann-theaterbar-cafe\/\" target=\"_self\" class=\"img-wrapper bg-img\" data-bg-img-mobile=\"https:\/\/das-festspielhaus.de\/wp-content\/uploads\/images\/festspielhaus-fuessen-treff-im-see-375x375-1.jpg\" data-bg-img-desktop=\"https:\/\/das-festspielhaus.de\/wp-content\/uploads\/images\/festspielhaus-fuessen-treff-im-see-375x375-1.jpg\"><\/a>\n\t\t\t\t\t\t\t\t<!-- \/.img-wrapper bg-img -->\n\t\t\t\t\t\t\t\t<div class=\"program-highlights-item-content\" >\n\t\t\t\t\t\t\t\t\t<div>\n\t\t\t\t\t\t\t\t\t\t<h2><a href=\"\/en\/gastronomie\/geldermann-theaterbar-cafe\/\"  target=\"_self\">GELDERMANN <br \/>\r\nTHEATER BAR &#038; CAF\u00c9<\/a><\/h2>\n\t\t\t\t\t\t\t\t\t<\/div>\n\t\t\t\t\t\t\t\t<\/div>\n\t\t\t\t\t\t\t\t<!-- \/.program-highlights-item-content -->\n\t\t\t\t\t\t\t<\/div>\n\t\t\t\t\t\t\t<!-- \/.program-highlights-item -->\n\t\t\t\t\t\t<\/div>\n\t\t\t\t\t\t<!-- \/.col-4@sm col-6@lg is-big -->\n\n\t\t\t\t\t\t\t\t\n\t\t\t<\/div>\n\t\t\t<!-- \/.flex-row --> \n\t\t<\/div>\n\t\t<!-- \/.container -->\n\t<\/section>\n\t<!--  .program-highlights -->\n\n\n\n\n\t\t<section id=\"icon-text-block_ae31fa2bd57b57fa95499f09655c94ad\" class=\"icon-text dark \" style=\"background-color: #FFFFFF;   \">\n\t\t\t<div class=\"container\">\n\t\t\t\t<div class=\"flex-row\">\n\n\t\t\t\t\t\n\t\t\t\t\t\t<div class=\"col-6@md\">\n\n\t\t\t\t\t\t\t<div class=\"icon-text-header\"><img decoding=\"async\" src=\"https:\/\/das-festspielhaus.de\/wp-content\/uploads\/images\/Service-icon-09.svg\"\/><\/div><h2>Gastronomy<\/h2>\n<p>Requests and reservations:<\/p>\n<p><a href=\"mailto:reservierung@das-festspielhaus.de\" target=\"_blank\" rel=\"noopener\">reservierung@das-festspielhaus.de<\/a><\/p>\n<p>Lassen Sie sich verzaubern von einer atemberaubenden Bergsicht, erfreuen Sie sich am See direkt vor der Haust\u00fcr, genie\u00dfen Sie die Geschmackserlebnisse unserer vielf\u00e4ltigen K\u00fcche \u2013 von bodenst\u00e4ndig-bayerisch bis hin zu internationalen K\u00f6stlichkeiten.<\/p>\n\t\t\t\t\t\t<\/div>\n\t\t\t\t\t\t<!--  .col-6@md -->\n\n\t\t\t\t\t\n\t\t\t\t\t\t<div class=\"col-6@md\">\n\n\t\t\t\t\t\t\t<div class=\"icon-text-header\"><img decoding=\"async\" src=\"https:\/\/das-festspielhaus.de\/wp-content\/uploads\/images\/200615_FSH_Logoentwicklung_Idee_MG-08-08.svg\"\/><\/div><h2>rooms and equipment<\/h2>\n<p>The Festspielhaus Neuschwanstein can accommodate up to 1,200 people. But smaller groups will also find the ideal space for their celebrations here. Please ask us for an individual offer.<\/p>\n\t\t\t\t\t\t<\/div>\n\t\t\t\t\t\t<!--  .col-6@md -->\n\n\t\t\t\t\t\n\t\t\t\t<\/div>\n\t\t\t\t<!--  .flex-row -->\n\t\t\t<\/div> <!--  .container -->\n\t\t<\/section>\n\t\t<!--  .content -->\n\n\t\n\n\n\t\t<section id=\"icon-text-block_c1e7f92d80e920907c68c9a04fad5e1b\" class=\"icon-text dark \" style=\"background-color: #FFFFFF;   \">\n\t\t\t<div class=\"container\">\n\t\t\t\t<div class=\"flex-row\">\n\n\t\t\t\t\t\n\t\t\t\t\t\t<div class=\"col-6@md\">\n\n\t\t\t\t\t\t\t<div class=\"icon-text-header\"><img decoding=\"async\" src=\"https:\/\/das-festspielhaus.de\/wp-content\/uploads\/images\/Icon-Torte-10-10.svg\"\/><\/div><h2>Weddings<\/h2>\n<p>The most beautiful day of your life &#8211; now everything should be perfect!<br \/>\nLet yourself be carried away by a dreamlike setting, delicious food<br \/>\nand indulge in all-round care.<\/p>\n\t\t\t\t\t\t<\/div>\n\t\t\t\t\t\t<!--  .col-6@md -->\n\n\t\t\t\t\t\n\t\t\t\t\t\t<div class=\"col-6@md\">\n\n\t\t\t\t\t\t\t<div class=\"icon-text-header\"><img decoding=\"async\" src=\"https:\/\/das-festspielhaus.de\/wp-content\/uploads\/images\/hochzeit-planung.svg\"\/><\/div><h2>Requests weddings &amp; events<\/h2>\n<p><a href=\"mailto:clio.rauch@das-festspielhaus.de\">clio.rauch@das-festspielhaus.de<\/a><br \/>\n<a href=\"tel:004983625077332\">08362 \/ 5077 \u2013 332<\/a><br \/>\noffice hours: Mo \u2013 Fr 9 \u2013 16 Uhr<\/p>\n\t\t\t\t\t\t<\/div>\n\t\t\t\t\t\t<!--  .col-6@md -->\n\n\t\t\t\t\t\n\t\t\t\t<\/div>\n\t\t\t\t<!--  .flex-row -->\n\t\t\t<\/div> <!--  .container -->\n\t\t<\/section>\n\t\t<!--  .content -->\n\n\t\n\n","protected":false},"excerpt":{"rendered":"","protected":false},"author":17,"featured_media":0,"parent":0,"menu_order":0,"comment_status":"closed","ping_status":"closed","template":"","meta":{"_acf_changed":false,"_seopress_robots_primary_cat":"0","_seopress_titles_title":"","_seopress_titles_desc":"","_seopress_robots_index":"","footnotes":""},"class_list":["post-70829","page","type-page","status-publish","hentry","no-post-thumbnail","post-count-1"],"acf":[],"_links":{"self":[{"href":"https:\/\/das-festspielhaus.de\/en\/wp-json\/wp\/v2\/pages\/70829","targetHints":{"allow":["GET"]}}],"collection":[{"href":"https:\/\/das-festspielhaus.de\/en\/wp-json\/wp\/v2\/pages"}],"about":[{"href":"https:\/\/das-festspielhaus.de\/en\/wp-json\/wp\/v2\/types\/page"}],"author":[{"embeddable":true,"href":"https:\/\/das-festspielhaus.de\/en\/wp-json\/wp\/v2\/users\/17"}],"replies":[{"embeddable":true,"href":"https:\/\/das-festspielhaus.de\/en\/wp-json\/wp\/v2\/comments?post=70829"}],"version-history":[{"count":9,"href":"https:\/\/das-festspielhaus.de\/en\/wp-json\/wp\/v2\/pages\/70829\/revisions"}],"predecessor-version":[{"id":85085,"href":"https:\/\/das-festspielhaus.de\/en\/wp-json\/wp\/v2\/pages\/70829\/revisions\/85085"}],"wp:attachment":[{"href":"https:\/\/das-festspielhaus.de\/en\/wp-json\/wp\/v2\/media?parent=70829"}],"curies":[{"name":"wp","href":"https:\/\/api.w.org\/{rel}","templated":true}]}}