{"id":70767,"date":"2020-12-24T11:36:43","date_gmt":"2020-12-24T11:36:43","guid":{"rendered":"https:\/\/das-festspielhaus.de\/sample-page\/"},"modified":"2022-04-22T15:08:58","modified_gmt":"2022-04-22T13:08:58","slug":"sample-page","status":"publish","type":"page","link":"https:\/\/das-festspielhaus.de\/en\/sample-page\/","title":{"rendered":"Sample Page"},"content":{"rendered":"\n\t\t<section id=\"intro-block_6026713f63c17\" class=\" intro  \" style=\"  \">\n\t\t\t<div class=\"owl-carousel\">\n\n\t\t\t\t\n\t\t\t\t\t\t\t\t<span class=\"bg-img intro-item-image\" role=\"img\" aria-label=\"G\u00e4ste Saal\" style=\"background-image: url(https:\/\/das-festspielhaus.de\/wp-content\/uploads\/images\/festspielhaus-fuessen-saal-besetzt-min-1-1.jpg); display: block;\" data-desktop-image=\"https:\/\/das-festspielhaus.de\/wp-content\/uploads\/images\/festspielhaus-fuessen-saal-besetzt-min-1-1.jpg\" data-tablet-image=\"https:\/\/das-festspielhaus.de\/wp-content\/uploads\/images\/festspielhaus-fuessen-saal-besetzt-min-1-1-1024x431.jpg\" data-mobile-image=\"https:\/\/das-festspielhaus.de\/wp-content\/uploads\/images\/festspielhaus-fuessen-saal-besetzt-min-1-1-1024x431.jpg\">\n\n\t\t\t\t\t\t\t\t\t\t\t\t\t\t\t\t\t\t\t<div class=\"intro-item intro--img \">\n\t\t\t\t\t\t\t\t\t\n\t\t\t\t\t\t\t\t\t\t\n\t\t\t\t\t\t\t\t\t\t<div class=\"intro-content is-middle\"><h2>FESTSPIELHAUS NEUSCHWANSTEIN<\/h2>\n<h1>Produktionen in unserem Haus<\/h1>\n<\/div><!-- \/.intro-content -->\n\t\t\t\t\t\t\t\t\t\t\t\t\t\t\t\t\t\t\t<\/div>\n\t\t\t\t\t\t\t\t\t\t<!-- \/.intro-item.bg-img -->\n\t\t\t\t\t\t\t\t\t\n\t\t\t\t\t\t\t\t<\/span>\n\n\t\t\t\t\t\t\t\n\t\t\t\t\t\n\t\t\t\t\n\t\t\t<\/div>\n\t\t\t<!-- \/.owl-carousel -->\n\t\t<\/section>\n\t\t<!--  .intro -->\n\n\t\n\n\n\t\t<section id=\"content-block_60868ba345510\" class=\"content \" style=\"  \">\n\t\t\t<div class=\"container\">\n\t\t\t\t<div class=\"flex-row\">\n\n\t\t\t\t\t\n\t\t\t\t\t\t<div class=\"col-12 \">\n\n\t\t\t\t\t\t\t<h2>SARAH BRIGHTMAN IN CONCERT<\/h2>\n<p>&#8220;HYMN: SARAH BRIGHTMAN IN CONCERT&#8221; wurde live f\u00fcr die gro\u00dfe Leinwand im Festspielhaus F\u00fcssen in den m\u00e4rchenhaften bayerischen Alpen aufgenommen, direkt gegen\u00fcber dem bezaubernden Schloss Neuschwanstein.<\/p>\n<p>&nbsp;<\/p>\n<h2><span style=\"color: #ff00ff;\">VIDEO VIMEO<\/span><\/h2>\n\t\t\t\t\t\t<\/div>\n\t\t\t\t\t\t<!--  .col-12 -->\n\n\t\t\t\t\t\n\t\t\t\t<\/div>\n\t\t\t\t<!--  .flex-row -->\n\t\t\t<\/div> <!--  .container -->\n\t\t<\/section>\n\t\t<!--  .content -->\n\n\t\n\n\n    <section id=\"vimeo-video-block_609a4e88d87c9\" class=\"vimeo-video \" data-video-id=\"495827566\" style=\"  \">\n        <div class=\"container\">\n            <div class=\"vimeo-video-wrapper bg-img\">\n                <div class=\"vimeo-video-cover bg-img\" style=\"background-image: url(https:\/\/das-festspielhaus.de\/wp-content\/uploads\/images\/Festspielhaus-am-see-Banner.png);\"><\/div><!-- \/.vimeo-video-cover -->\n                <a href=\"javascript:;\" class=\"vimeo-video-play\"><img decoding=\"async\" src=\"https:\/\/das-festspielhaus.de\/wp-content\/themes\/pe\/images\/owl.video.play.png\" alt=\"\"><\/a><!-- \/.vimeo-video-play -->\n            <\/div><!-- \/.vimeo-video-wrapper -->\n        <\/div>\n        <!-- \/.container -->\n    <\/section>\n    <!-- \/.vimeo-video -->\n\n\n\n\n    <section id=\"webcam-block_609a5928193a5\" class=\"webcam \" style=\"  \">\n        <div class=\"container\">\n             <div class=\"brlbs-cmpnt-container brlbs-cmpnt-content-blocker brlbs-cmpnt-with-individual-styles\" data-borlabs-cookie-content-blocker-id=\"default\" data-borlabs-cookie-content=\"PGlmcmFtZSB0aXRsZT0iV2ViY2FtIiBzcmM9Imh0dHBzOi8vd2VidHYuZmVyYXRlbC5jb20vd2VidHYvP2Rlc2lnbj12M3YmYW1wO2NhbT0zMDI5JmFtcDtjMjQ9MCZhbXA7cGc9NUVCMTI0MjQtN0MyRC00MjhBLUJFRkYtMEM5MTQwQ0Q3NzJGIiBuYW1lPSJXZWJjYW0iIHdpZHRoPSIxMDAlIiBoZWlnaHQ9IjU1MCI+PC9pZnJhbWU+\"><div class=\"brlbs-cmpnt-cb-preset-a\"> <p class=\"brlbs-cmpnt-cb-description\">You are currently viewing a placeholder content from <strong>Default<\/strong>. To access the actual content, click the button below. Please note that doing so will share data with third-party providers.<\/p> <div class=\"brlbs-cmpnt-cb-buttons\"> <a class=\"brlbs-cmpnt-cb-btn\" href=\"#\" data-borlabs-cookie-unblock role=\"button\">Unblock content<\/a> <a class=\"brlbs-cmpnt-cb-btn\" href=\"#\" data-borlabs-cookie-accept-service role=\"button\" style=\"display: none\">Accept required service and unblock content<\/a> <\/div> <a class=\"brlbs-cmpnt-cb-provider-toggle\" href=\"#\" data-borlabs-cookie-show-provider-information role=\"button\">More Information<\/a> <\/div><\/div>\n        <\/div>\n        <!-- \/.container -->\n    <\/section>\n    <!-- \/.webcam -->\n\n","protected":false},"excerpt":{"rendered":"","protected":false},"author":1,"featured_media":0,"parent":0,"menu_order":0,"comment_status":"closed","ping_status":"open","template":"","meta":{"_acf_changed":false,"_seopress_robots_primary_cat":"0","_seopress_titles_title":"","_seopress_titles_desc":"","_seopress_robots_index":"","footnotes":""},"class_list":["post-70767","page","type-page","status-publish","hentry","no-post-thumbnail","post-count-1"],"acf":[],"_links":{"self":[{"href":"https:\/\/das-festspielhaus.de\/en\/wp-json\/wp\/v2\/pages\/70767","targetHints":{"allow":["GET"]}}],"collection":[{"href":"https:\/\/das-festspielhaus.de\/en\/wp-json\/wp\/v2\/pages"}],"about":[{"href":"https:\/\/das-festspielhaus.de\/en\/wp-json\/wp\/v2\/types\/page"}],"author":[{"embeddable":true,"href":"https:\/\/das-festspielhaus.de\/en\/wp-json\/wp\/v2\/users\/1"}],"replies":[{"embeddable":true,"href":"https:\/\/das-festspielhaus.de\/en\/wp-json\/wp\/v2\/comments?post=70767"}],"version-history":[{"count":4,"href":"https:\/\/das-festspielhaus.de\/en\/wp-json\/wp\/v2\/pages\/70767\/revisions"}],"predecessor-version":[{"id":70775,"href":"https:\/\/das-festspielhaus.de\/en\/wp-json\/wp\/v2\/pages\/70767\/revisions\/70775"}],"wp:attachment":[{"href":"https:\/\/das-festspielhaus.de\/en\/wp-json\/wp\/v2\/media?parent=70767"}],"curies":[{"name":"wp","href":"https:\/\/api.w.org\/{rel}","templated":true}]}}